{"id":2566,"date":"2023-07-28T09:45:59","date_gmt":"2023-07-28T07:45:59","guid":{"rendered":"https:\/\/christlichewissenschaftsalzburg.at\/?page_id=2566"},"modified":"2023-10-07T23:36:44","modified_gmt":"2023-10-07T21:36:44","slug":"kontakt","status":"publish","type":"page","link":"https:\/\/christlichewissenschaftsalzburg.at\/?page_id=2566","title":{"rendered":"Kontakt"},"content":{"rendered":"<p>[et_pb_section fb_built=&#8220;1&#8243; _builder_version=&#8220;4.14.7&#8243; _module_preset=&#8220;default&#8220; global_colors_info=&#8220;{}&#8220;][et_pb_row _builder_version=&#8220;4.4.3&#8243; global_module=&#8220;2576&#8243; collapsed=&#8220;off&#8220; global_colors_info=&#8220;{}&#8220;][et_pb_column type=&#8220;4_4&#8243; _builder_version=&#8220;3.25&#8243; custom_padding=&#8220;|||&#8220; global_colors_info=&#8220;{}&#8220; custom_padding__hover=&#8220;|||&#8220;][et_pb_text admin_label=&#8220;Ueberschrift&#8220; _builder_version=&#8220;4.14.7&#8243; text_font=&#8220;||||||||&#8220; text_text_color=&#8220;#2A577F&#8220; text_line_height=&#8220;2em&#8220; ul_font=&#8220;||||||||&#8220; ol_font=&#8220;||||||||&#8220; header_font=&#8220;||||||||&#8220; header_2_font=&#8220;|||on|||||&#8220; header_2_text_color=&#8220;#2A577F&#8220; header_2_font_size=&#8220;12px&#8220; header_2_letter_spacing=&#8220;0.5em&#8220; header_2_line_height=&#8220;2em&#8220; header_3_font=&#8220;||||||||&#8220; header_3_text_color=&#8220;#2A577F&#8220; header_3_font_size=&#8220;36px&#8220; header_3_line_height=&#8220;1.5em&#8220; header_4_font=&#8220;||||||||&#8220; header_5_font=&#8220;||||||||&#8220; header_6_font=&#8220;||||||||&#8220; text_orientation=&#8220;center&#8220; background_layout=&#8220;dark&#8220; max_width=&#8220;800px&#8220; module_alignment=&#8220;center&#8220; header_3_font_size_tablet=&#8220;30px&#8220; header_3_font_size_phone=&#8220;20px&#8220; header_3_font_size_last_edited=&#8220;on|phone&#8220; locked=&#8220;off&#8220; global_colors_info=&#8220;{}&#8220; text_font_size__hover=&#8220;14px&#8220; text_font_size__hover_enabled=&#8220;14px&#8220; text_letter_spacing__hover=&#8220;0px&#8220; text_letter_spacing__hover_enabled=&#8220;0px&#8220; text_line_height__hover=&#8220;1.7em&#8220; text_line_height__hover_enabled=&#8220;1.7em&#8220; text_text_shadow_style__hover=&#8220;none&#8220; text_text_shadow_style__hover_enabled=&#8220;none&#8220; text_text_shadow_color__hover=&#8220;rgba(0,0,0,0.4)&#8220; text_text_shadow_color__hover_enabled=&#8220;rgba(0,0,0,0.4)&#8220; link_font_size__hover=&#8220;14px&#8220; link_font_size__hover_enabled=&#8220;14px&#8220; link_letter_spacing__hover=&#8220;0px&#8220; link_letter_spacing__hover_enabled=&#8220;0px&#8220; link_line_height__hover=&#8220;1em&#8220; link_line_height__hover_enabled=&#8220;1em&#8220; link_text_shadow_style__hover=&#8220;none&#8220; link_text_shadow_style__hover_enabled=&#8220;none&#8220; link_text_shadow_color__hover=&#8220;rgba(0,0,0,0.4)&#8220; link_text_shadow_color__hover_enabled=&#8220;rgba(0,0,0,0.4)&#8220; ul_font_size__hover=&#8220;14px&#8220; ul_font_size__hover_enabled=&#8220;14px&#8220; ul_letter_spacing__hover=&#8220;0px&#8220; ul_letter_spacing__hover_enabled=&#8220;0px&#8220; ul_line_height__hover=&#8220;1em&#8220; ul_line_height__hover_enabled=&#8220;1em&#8220; ul_text_shadow_style__hover=&#8220;none&#8220; ul_text_shadow_style__hover_enabled=&#8220;none&#8220; ul_text_shadow_color__hover=&#8220;rgba(0,0,0,0.4)&#8220; ul_text_shadow_color__hover_enabled=&#8220;rgba(0,0,0,0.4)&#8220; ol_font_size__hover=&#8220;14px&#8220; ol_font_size__hover_enabled=&#8220;14px&#8220; ol_letter_spacing__hover=&#8220;0px&#8220; ol_letter_spacing__hover_enabled=&#8220;0px&#8220; ol_line_height__hover=&#8220;1em&#8220; ol_line_height__hover_enabled=&#8220;1em&#8220; ol_text_shadow_style__hover=&#8220;none&#8220; ol_text_shadow_style__hover_enabled=&#8220;none&#8220; ol_text_shadow_color__hover=&#8220;rgba(0,0,0,0.4)&#8220; ol_text_shadow_color__hover_enabled=&#8220;rgba(0,0,0,0.4)&#8220; quote_font_size__hover=&#8220;14px&#8220; quote_font_size__hover_enabled=&#8220;14px&#8220; quote_letter_spacing__hover=&#8220;0px&#8220; quote_letter_spacing__hover_enabled=&#8220;0px&#8220; quote_line_height__hover=&#8220;1em&#8220; quote_line_height__hover_enabled=&#8220;1em&#8220; quote_text_shadow_style__hover=&#8220;none&#8220; quote_text_shadow_style__hover_enabled=&#8220;none&#8220; quote_text_shadow_color__hover=&#8220;rgba(0,0,0,0.4)&#8220; quote_text_shadow_color__hover_enabled=&#8220;rgba(0,0,0,0.4)&#8220; text_orientation__hover=&#8220;left&#8220; text_orientation__hover_enabled=&#8220;left&#8220; background_layout__hover=&#8220;light&#8220; background_layout__hover_enabled=&#8220;light&#8220; use_background_color_gradient__hover=&#8220;off&#8220; use_background_color_gradient__hover_enabled=&#8220;off&#8220; background_color_gradient_start__hover=&#8220;#2b87da&#8220; background_color_gradient_start__hover_enabled=&#8220;#2b87da&#8220; background_color_gradient_end__hover=&#8220;#29c4a9&#8243; background_color_gradient_end__hover_enabled=&#8220;#29c4a9&#8243; background_color_gradient_type__hover=&#8220;linear&#8220; background_color_gradient_type__hover_enabled=&#8220;linear&#8220; background_color_gradient_direction__hover=&#8220;180deg&#8220; background_color_gradient_direction__hover_enabled=&#8220;180deg&#8220; background_color_gradient_direction_radial__hover=&#8220;center&#8220; background_color_gradient_direction_radial__hover_enabled=&#8220;center&#8220; background_color_gradient_start_position__hover=&#8220;0%&#8220; background_color_gradient_start_position__hover_enabled=&#8220;0%&#8220; background_color_gradient_end_position__hover=&#8220;100%&#8220; background_color_gradient_end_position__hover_enabled=&#8220;100%&#8220; background_color_gradient_overlays_image__hover=&#8220;off&#8220; background_color_gradient_overlays_image__hover_enabled=&#8220;off&#8220; parallax__hover=&#8220;off&#8220; parallax__hover_enabled=&#8220;off&#8220; parallax_method__hover=&#8220;on&#8220; parallax_method__hover_enabled=&#8220;on&#8220; background_size__hover=&#8220;cover&#8220; background_size__hover_enabled=&#8220;cover&#8220; background_position__hover=&#8220;center&#8220; background_position__hover_enabled=&#8220;center&#8220; background_repeat__hover=&#8220;no-repeat&#8220; background_repeat__hover_enabled=&#8220;no-repeat&#8220; background_blend__hover=&#8220;normal&#8220; background_blend__hover_enabled=&#8220;normal&#8220; allow_player_pause__hover=&#8220;off&#8220; allow_player_pause__hover_enabled=&#8220;off&#8220; background_video_pause_outside_viewport__hover=&#8220;on&#8220; background_video_pause_outside_viewport__hover_enabled=&#8220;on&#8220; header_font_size__hover=&#8220;30px&#8220; header_font_size__hover_enabled=&#8220;30px&#8220; header_letter_spacing__hover=&#8220;0px&#8220; header_letter_spacing__hover_enabled=&#8220;0px&#8220; header_text_shadow_style__hover=&#8220;none&#8220; header_text_shadow_style__hover_enabled=&#8220;none&#8220; header_text_shadow_color__hover=&#8220;rgba(0,0,0,0.4)&#8220; header_text_shadow_color__hover_enabled=&#8220;rgba(0,0,0,0.4)&#8220; header_4_font_size__hover=&#8220;18px&#8220; header_4_font_size__hover_enabled=&#8220;18px&#8220; header_4_letter_spacing__hover=&#8220;0px&#8220; header_4_letter_spacing__hover_enabled=&#8220;0px&#8220; header_4_line_height__hover=&#8220;1em&#8220; header_4_line_height__hover_enabled=&#8220;1em&#8220; header_4_text_shadow_style__hover=&#8220;none&#8220; header_4_text_shadow_style__hover_enabled=&#8220;none&#8220; header_4_text_shadow_color__hover=&#8220;rgba(0,0,0,0.4)&#8220; header_4_text_shadow_color__hover_enabled=&#8220;rgba(0,0,0,0.4)&#8220; header_6_font_size__hover=&#8220;14px&#8220; header_6_font_size__hover_enabled=&#8220;14px&#8220; header_6_letter_spacing__hover=&#8220;0px&#8220; header_6_letter_spacing__hover_enabled=&#8220;0px&#8220; header_6_line_height__hover=&#8220;1em&#8220; header_6_line_height__hover_enabled=&#8220;1em&#8220; header_6_text_shadow_style__hover=&#8220;none&#8220; header_6_text_shadow_style__hover_enabled=&#8220;none&#8220; header_6_text_shadow_color__hover=&#8220;rgba(0,0,0,0.4)&#8220; header_6_text_shadow_color__hover_enabled=&#8220;rgba(0,0,0,0.4)&#8220; header_5_font_size__hover=&#8220;16px&#8220; header_5_font_size__hover_enabled=&#8220;16px&#8220; header_5_letter_spacing__hover=&#8220;0px&#8220; header_5_letter_spacing__hover_enabled=&#8220;0px&#8220; header_5_line_height__hover=&#8220;1em&#8220; header_5_line_height__hover_enabled=&#8220;1em&#8220; header_5_text_shadow_style__hover=&#8220;none&#8220; header_5_text_shadow_style__hover_enabled=&#8220;none&#8220; header_5_text_shadow_color__hover=&#8220;rgba(0,0,0,0.4)&#8220; header_5_text_shadow_color__hover_enabled=&#8220;rgba(0,0,0,0.4)&#8220;]<\/p>\n<h2><span>Schreib uns eine Nachricht<\/span><\/h2>\n<h3>Kontaktformular<\/h3>\n<p><span>Hier kommst Du zu Wort! Wir freuen uns \u00fcber Deine Anregungen und Fragen.<\/span><\/p>\n<p>[\/et_pb_text][et_pb_contact_form email=&#8220;christlichewissenschaftsbg@gmail.com&#8220; custom_message=&#8220;Vorname: %%First_Name%%||et_pb_line_break_holder||Nachname: %%Last_Name%%||et_pb_line_break_holder||E-Mail Adresse: %%Email%%||et_pb_line_break_holder||||et_pb_line_break_holder||Der Benutzer hat der Datenschutzerkl\u00e4rung zugestimmt.||et_pb_line_break_holder||||et_pb_line_break_holder||Betreff: %%Subject%%||et_pb_line_break_holder||Nachricht: ||et_pb_line_break_holder||%%Message%%&#8220; success_message=&#8220;Vielen Dank f\u00fcr Deine Nachricht.&#8220; submit_button_text=&#8220;@ET-DC@eyJkeW5hbWljIjp0cnVlLCJjb250ZW50IjoicG9zdF9tZXRhX2tleSIsInNldHRpbmdzIjp7ImJlZm9yZSI6IiIsImFmdGVyIjoiIiwibWV0YV9rZXkiOiJTRU5ERU4iLCJlbmFibGVfaHRtbCI6Im9uIn19@&#8220; admin_label=&#8220;Kontakt Formular&#8220; module_id=&#8220;et_pb_contact_form_0&#8243; _builder_version=&#8220;4.14.7&#8243; _dynamic_attributes=&#8220;submit_button_text&#8220; _unique_id=&#8220;2200c9d9-1a79-41ee-b39a-639a69036e17&#8243; form_field_background_color=&#8220;#f4f7f9&#8243; form_field_text_color=&#8220;#2a577f&#8220; form_field_font=&#8220;|600|||||||&#8220; form_field_font_size=&#8220;14px&#8220; form_field_letter_spacing=&#8220;2px&#8220; form_field_line_height=&#8220;2em&#8220; custom_button=&#8220;on&#8220; button_text_size=&#8220;16px&#8220; button_text_color=&#8220;#2a577f&#8220; button_bg_color=&#8220;rgba(234,114,74,0)&#8220; button_border_width=&#8220;8px&#8220; button_border_color=&#8220;rgba(0,0,0,0)&#8220; button_border_radius=&#8220;0px&#8220; button_letter_spacing=&#8220;3px&#8220; button_font=&#8220;|700||on|||||&#8220; button_use_icon=&#8220;off&#8220; hover_enabled=&#8220;0&#8243; box_shadow_style=&#8220;preset3&#8243; box_shadow_vertical=&#8220;5px&#8220; box_shadow_blur=&#8220;23px&#8220; box_shadow_spread=&#8220;-15px&#8220; box_shadow_color=&#8220;#93A2C6&#8243; box_shadow_style_button=&#8220;preset5&#8243; box_shadow_vertical_button=&#8220;0px&#8220; box_shadow_spread_button=&#8220;2px&#8220; box_shadow_color_button=&#8220;#2a577f&#8220; form_background_color=&#8220;#f4f7f9&#8243; global_colors_info=&#8220;{}&#8220; sticky_enabled=&#8220;0&#8243;][et_pb_contact_field field_id=&#8220;First_Name&#8220; field_title=&#8220;Vorname&#8220; _builder_version=&#8220;4.14.7&#8243; global_colors_info=&#8220;{}&#8220; button_text_size__hover_enabled=&#8220;off&#8220; button_one_text_size__hover_enabled=&#8220;off&#8220; button_two_text_size__hover_enabled=&#8220;off&#8220; button_text_color__hover_enabled=&#8220;off&#8220; button_one_text_color__hover_enabled=&#8220;off&#8220; button_two_text_color__hover_enabled=&#8220;off&#8220; button_border_width__hover_enabled=&#8220;off&#8220; button_one_border_width__hover_enabled=&#8220;off&#8220; button_two_border_width__hover_enabled=&#8220;off&#8220; button_border_color__hover_enabled=&#8220;off&#8220; button_one_border_color__hover_enabled=&#8220;off&#8220; button_two_border_color__hover_enabled=&#8220;off&#8220; button_border_radius__hover_enabled=&#8220;off&#8220; button_one_border_radius__hover_enabled=&#8220;off&#8220; button_two_border_radius__hover_enabled=&#8220;off&#8220; button_letter_spacing__hover_enabled=&#8220;off&#8220; button_one_letter_spacing__hover_enabled=&#8220;off&#8220; button_two_letter_spacing__hover_enabled=&#8220;off&#8220; button_bg_color__hover_enabled=&#8220;off&#8220; button_one_bg_color__hover_enabled=&#8220;off&#8220; button_two_bg_color__hover_enabled=&#8220;off&#8220;][\/et_pb_contact_field][et_pb_contact_field field_id=&#8220;Last_Name&#8220; field_title=&#8220;Nachname&#8220; _builder_version=&#8220;4.14.7&#8243; global_colors_info=&#8220;{}&#8220; button_text_size__hover_enabled=&#8220;off&#8220; button_one_text_size__hover_enabled=&#8220;off&#8220; button_two_text_size__hover_enabled=&#8220;off&#8220; button_text_color__hover_enabled=&#8220;off&#8220; button_one_text_color__hover_enabled=&#8220;off&#8220; button_two_text_color__hover_enabled=&#8220;off&#8220; button_border_width__hover_enabled=&#8220;off&#8220; button_one_border_width__hover_enabled=&#8220;off&#8220; button_two_border_width__hover_enabled=&#8220;off&#8220; button_border_color__hover_enabled=&#8220;off&#8220; button_one_border_color__hover_enabled=&#8220;off&#8220; button_two_border_color__hover_enabled=&#8220;off&#8220; button_border_radius__hover_enabled=&#8220;off&#8220; button_one_border_radius__hover_enabled=&#8220;off&#8220; button_two_border_radius__hover_enabled=&#8220;off&#8220; button_letter_spacing__hover_enabled=&#8220;off&#8220; button_one_letter_spacing__hover_enabled=&#8220;off&#8220; button_two_letter_spacing__hover_enabled=&#8220;off&#8220; button_bg_color__hover_enabled=&#8220;off&#8220; button_one_bg_color__hover_enabled=&#8220;off&#8220; button_two_bg_color__hover_enabled=&#8220;off&#8220;][\/et_pb_contact_field][et_pb_contact_field field_id=&#8220;Email&#8220; field_title=&#8220;E-Mail&#8220; field_type=&#8220;email&#8220; _builder_version=&#8220;4.14.7&#8243; global_colors_info=&#8220;{}&#8220; button_text_size__hover_enabled=&#8220;off&#8220; button_one_text_size__hover_enabled=&#8220;off&#8220; button_two_text_size__hover_enabled=&#8220;off&#8220; button_text_color__hover_enabled=&#8220;off&#8220; button_one_text_color__hover_enabled=&#8220;off&#8220; button_two_text_color__hover_enabled=&#8220;off&#8220; button_border_width__hover_enabled=&#8220;off&#8220; button_one_border_width__hover_enabled=&#8220;off&#8220; button_two_border_width__hover_enabled=&#8220;off&#8220; button_border_color__hover_enabled=&#8220;off&#8220; button_one_border_color__hover_enabled=&#8220;off&#8220; button_two_border_color__hover_enabled=&#8220;off&#8220; button_border_radius__hover_enabled=&#8220;off&#8220; button_one_border_radius__hover_enabled=&#8220;off&#8220; button_two_border_radius__hover_enabled=&#8220;off&#8220; button_letter_spacing__hover_enabled=&#8220;off&#8220; button_one_letter_spacing__hover_enabled=&#8220;off&#8220; button_two_letter_spacing__hover_enabled=&#8220;off&#8220; button_bg_color__hover_enabled=&#8220;off&#8220; button_one_bg_color__hover_enabled=&#8220;off&#8220; button_two_bg_color__hover_enabled=&#8220;off&#8220;][\/et_pb_contact_field][et_pb_contact_field field_id=&#8220;Subject&#8220; field_title=&#8220;Betreff&#8220; required_mark=&#8220;off&#8220; _builder_version=&#8220;4.14.7&#8243; global_colors_info=&#8220;{}&#8220; button_text_size__hover_enabled=&#8220;off&#8220; button_one_text_size__hover_enabled=&#8220;off&#8220; button_two_text_size__hover_enabled=&#8220;off&#8220; button_text_color__hover_enabled=&#8220;off&#8220; button_one_text_color__hover_enabled=&#8220;off&#8220; button_two_text_color__hover_enabled=&#8220;off&#8220; button_border_width__hover_enabled=&#8220;off&#8220; button_one_border_width__hover_enabled=&#8220;off&#8220; button_two_border_width__hover_enabled=&#8220;off&#8220; button_border_color__hover_enabled=&#8220;off&#8220; button_one_border_color__hover_enabled=&#8220;off&#8220; button_two_border_color__hover_enabled=&#8220;off&#8220; button_border_radius__hover_enabled=&#8220;off&#8220; button_one_border_radius__hover_enabled=&#8220;off&#8220; button_two_border_radius__hover_enabled=&#8220;off&#8220; button_letter_spacing__hover_enabled=&#8220;off&#8220; button_one_letter_spacing__hover_enabled=&#8220;off&#8220; button_two_letter_spacing__hover_enabled=&#8220;off&#8220; button_bg_color__hover_enabled=&#8220;off&#8220; button_one_bg_color__hover_enabled=&#8220;off&#8220; button_two_bg_color__hover_enabled=&#8220;off&#8220;][\/et_pb_contact_field][et_pb_contact_field field_id=&#8220;Message&#8220; field_title=&#8220;Nachricht&#8220; field_type=&#8220;text&#8220; fullwidth_field=&#8220;on&#8220; _builder_version=&#8220;4.14.7&#8243; global_colors_info=&#8220;{}&#8220; button_text_size__hover_enabled=&#8220;off&#8220; button_one_text_size__hover_enabled=&#8220;off&#8220; button_two_text_size__hover_enabled=&#8220;off&#8220; button_text_color__hover_enabled=&#8220;off&#8220; button_one_text_color__hover_enabled=&#8220;off&#8220; button_two_text_color__hover_enabled=&#8220;off&#8220; button_border_width__hover_enabled=&#8220;off&#8220; button_one_border_width__hover_enabled=&#8220;off&#8220; button_two_border_width__hover_enabled=&#8220;off&#8220; button_border_color__hover_enabled=&#8220;off&#8220; button_one_border_color__hover_enabled=&#8220;off&#8220; button_two_border_color__hover_enabled=&#8220;off&#8220; button_border_radius__hover_enabled=&#8220;off&#8220; button_one_border_radius__hover_enabled=&#8220;off&#8220; button_two_border_radius__hover_enabled=&#8220;off&#8220; button_letter_spacing__hover_enabled=&#8220;off&#8220; button_one_letter_spacing__hover_enabled=&#8220;off&#8220; button_two_letter_spacing__hover_enabled=&#8220;off&#8220; button_bg_color__hover_enabled=&#8220;off&#8220; button_one_bg_color__hover_enabled=&#8220;off&#8220; button_two_bg_color__hover_enabled=&#8220;off&#8220;][\/et_pb_contact_field][et_pb_contact_field field_id=&#8220;Datenschutz&#8220; field_title=&#8220;Datenschutz&#8220; field_type=&#8220;checkbox&#8220; checkbox_options=&#8220;%91{%22value%22:%22Ich habe die Informationen gem\u00e4\u00df Art. 13 DSGVO zur Kenntnis genommen und erkl\u00e4re mich mit der Verarbeitung der hier angegeben Daten einverstanden. Meine Daten werden nur zur Bearbeitung meiner Anfrage verwendet. %22,%22checked%22:0,%22dragID%22:-1,%22link_text%22:%22Datenschutzerkl\u00e4rung%22,%22link_url%22:%22\/impressum\/#datenschutzerklaerung%22}%93&#8243; fullwidth_field=&#8220;on&#8220; _builder_version=&#8220;4.14.7&#8243; _dynamic_attributes=&#8220;link_option_url&#8220; form_field_font=&#8220;||||||||&#8220; form_field_letter_spacing=&#8220;0px&#8220; link_option_url=&#8220;@ET-DC@eyJkeW5hbWljIjp0cnVlLCJjb250ZW50IjoicG9zdF9saW5rX3VybF9wYWdlIiwic2V0dGluZ3MiOnsicG9zdF9pZCI6IjI0MzIifX0=@&#8220; global_colors_info=&#8220;{}&#8220;][\/et_pb_contact_field][\/et_pb_contact_form][\/et_pb_column][\/et_pb_row][\/et_pb_section]<\/p>\n","protected":false},"excerpt":{"rendered":"<p>Schreib uns eine Nachricht Kontaktformular Hier kommst Du zu Wort! Wir freuen uns \u00fcber Deine Anregungen und Fragen.<\/p>\n","protected":false},"author":1,"featured_media":0,"parent":0,"menu_order":0,"comment_status":"closed","ping_status":"closed","template":"","meta":{"_et_pb_use_builder":"on","_et_pb_old_content":"","_et_gb_content_width":"","footnotes":""},"class_list":["post-2566","page","type-page","status-publish","hentry"],"yoast_head":"<!-- This site is optimized with the Yoast SEO plugin v27.5 - https:\/\/yoast.com\/product\/yoast-seo-wordpress\/ -->\n<title>Kontakt - Christliche Wissenschaft Salzburg<\/title>\n<meta name=\"robots\" content=\"index, follow, max-snippet:-1, max-image-preview:large, max-video-preview:-1\" \/>\n<link rel=\"canonical\" href=\"https:\/\/christlichewissenschaftsalzburg.at\/?page_id=2566\" \/>\n<meta property=\"og:locale\" content=\"de_DE\" \/>\n<meta property=\"og:type\" content=\"article\" \/>\n<meta property=\"og:title\" content=\"Kontakt - Christliche Wissenschaft Salzburg\" \/>\n<meta property=\"og:description\" content=\"Schreib uns eine Nachricht Kontaktformular Hier kommst Du zu Wort! Wir freuen uns \u00fcber Deine Anregungen und Fragen.\" \/>\n<meta property=\"og:url\" content=\"https:\/\/christlichewissenschaftsalzburg.at\/?page_id=2566\" \/>\n<meta property=\"og:site_name\" content=\"Christliche Wissenschaft Salzburg\" \/>\n<meta property=\"article:modified_time\" content=\"2023-10-07T21:36:44+00:00\" \/>\n<meta name=\"twitter:card\" content=\"summary_large_image\" \/>\n<meta name=\"twitter:label1\" content=\"Gesch\u00e4tzte Lesezeit\" \/>\n\t<meta name=\"twitter:data1\" content=\"10\u00a0Minuten\" \/>\n<script type=\"application\/ld+json\" class=\"yoast-schema-graph\">{\"@context\":\"https:\\\/\\\/schema.org\",\"@graph\":[{\"@type\":\"WebPage\",\"@id\":\"https:\\\/\\\/christlichewissenschaftsalzburg.at\\\/?page_id=2566\",\"url\":\"https:\\\/\\\/christlichewissenschaftsalzburg.at\\\/?page_id=2566\",\"name\":\"Kontakt - Christliche Wissenschaft Salzburg\",\"isPartOf\":{\"@id\":\"https:\\\/\\\/christlichewissenschaftsalzburg.at\\\/#website\"},\"datePublished\":\"2023-07-28T07:45:59+00:00\",\"dateModified\":\"2023-10-07T21:36:44+00:00\",\"breadcrumb\":{\"@id\":\"https:\\\/\\\/christlichewissenschaftsalzburg.at\\\/?page_id=2566#breadcrumb\"},\"inLanguage\":\"de\",\"potentialAction\":[{\"@type\":\"ReadAction\",\"target\":[\"https:\\\/\\\/christlichewissenschaftsalzburg.at\\\/?page_id=2566\"]}]},{\"@type\":\"BreadcrumbList\",\"@id\":\"https:\\\/\\\/christlichewissenschaftsalzburg.at\\\/?page_id=2566#breadcrumb\",\"itemListElement\":[{\"@type\":\"ListItem\",\"position\":1,\"name\":\"Startseite\",\"item\":\"https:\\\/\\\/christlichewissenschaftsalzburg.at\\\/\"},{\"@type\":\"ListItem\",\"position\":2,\"name\":\"Kontakt\"}]},{\"@type\":\"WebSite\",\"@id\":\"https:\\\/\\\/christlichewissenschaftsalzburg.at\\\/#website\",\"url\":\"https:\\\/\\\/christlichewissenschaftsalzburg.at\\\/\",\"name\":\"Christliche Wissenschaft Salzburg\",\"description\":\"Christian Science, Christliche Wissenschaft, Salzburg\",\"potentialAction\":[{\"@type\":\"SearchAction\",\"target\":{\"@type\":\"EntryPoint\",\"urlTemplate\":\"https:\\\/\\\/christlichewissenschaftsalzburg.at\\\/?s={search_term_string}\"},\"query-input\":{\"@type\":\"PropertyValueSpecification\",\"valueRequired\":true,\"valueName\":\"search_term_string\"}}],\"inLanguage\":\"de\"}]}<\/script>\n<!-- \/ Yoast SEO plugin. -->","yoast_head_json":{"title":"Kontakt - Christliche Wissenschaft Salzburg","robots":{"index":"index","follow":"follow","max-snippet":"max-snippet:-1","max-image-preview":"max-image-preview:large","max-video-preview":"max-video-preview:-1"},"canonical":"https:\/\/christlichewissenschaftsalzburg.at\/?page_id=2566","og_locale":"de_DE","og_type":"article","og_title":"Kontakt - Christliche Wissenschaft Salzburg","og_description":"Schreib uns eine Nachricht Kontaktformular Hier kommst Du zu Wort! Wir freuen uns \u00fcber Deine Anregungen und Fragen.","og_url":"https:\/\/christlichewissenschaftsalzburg.at\/?page_id=2566","og_site_name":"Christliche Wissenschaft Salzburg","article_modified_time":"2023-10-07T21:36:44+00:00","twitter_card":"summary_large_image","twitter_misc":{"Gesch\u00e4tzte Lesezeit":"10\u00a0Minuten"},"schema":{"@context":"https:\/\/schema.org","@graph":[{"@type":"WebPage","@id":"https:\/\/christlichewissenschaftsalzburg.at\/?page_id=2566","url":"https:\/\/christlichewissenschaftsalzburg.at\/?page_id=2566","name":"Kontakt - Christliche Wissenschaft Salzburg","isPartOf":{"@id":"https:\/\/christlichewissenschaftsalzburg.at\/#website"},"datePublished":"2023-07-28T07:45:59+00:00","dateModified":"2023-10-07T21:36:44+00:00","breadcrumb":{"@id":"https:\/\/christlichewissenschaftsalzburg.at\/?page_id=2566#breadcrumb"},"inLanguage":"de","potentialAction":[{"@type":"ReadAction","target":["https:\/\/christlichewissenschaftsalzburg.at\/?page_id=2566"]}]},{"@type":"BreadcrumbList","@id":"https:\/\/christlichewissenschaftsalzburg.at\/?page_id=2566#breadcrumb","itemListElement":[{"@type":"ListItem","position":1,"name":"Startseite","item":"https:\/\/christlichewissenschaftsalzburg.at\/"},{"@type":"ListItem","position":2,"name":"Kontakt"}]},{"@type":"WebSite","@id":"https:\/\/christlichewissenschaftsalzburg.at\/#website","url":"https:\/\/christlichewissenschaftsalzburg.at\/","name":"Christliche Wissenschaft Salzburg","description":"Christian Science, Christliche Wissenschaft, Salzburg","potentialAction":[{"@type":"SearchAction","target":{"@type":"EntryPoint","urlTemplate":"https:\/\/christlichewissenschaftsalzburg.at\/?s={search_term_string}"},"query-input":{"@type":"PropertyValueSpecification","valueRequired":true,"valueName":"search_term_string"}}],"inLanguage":"de"}]}},"_links":{"self":[{"href":"https:\/\/christlichewissenschaftsalzburg.at\/index.php?rest_route=\/wp\/v2\/pages\/2566","targetHints":{"allow":["GET"]}}],"collection":[{"href":"https:\/\/christlichewissenschaftsalzburg.at\/index.php?rest_route=\/wp\/v2\/pages"}],"about":[{"href":"https:\/\/christlichewissenschaftsalzburg.at\/index.php?rest_route=\/wp\/v2\/types\/page"}],"author":[{"embeddable":true,"href":"https:\/\/christlichewissenschaftsalzburg.at\/index.php?rest_route=\/wp\/v2\/users\/1"}],"replies":[{"embeddable":true,"href":"https:\/\/christlichewissenschaftsalzburg.at\/index.php?rest_route=%2Fwp%2Fv2%2Fcomments&post=2566"}],"version-history":[{"count":7,"href":"https:\/\/christlichewissenschaftsalzburg.at\/index.php?rest_route=\/wp\/v2\/pages\/2566\/revisions"}],"predecessor-version":[{"id":2870,"href":"https:\/\/christlichewissenschaftsalzburg.at\/index.php?rest_route=\/wp\/v2\/pages\/2566\/revisions\/2870"}],"wp:attachment":[{"href":"https:\/\/christlichewissenschaftsalzburg.at\/index.php?rest_route=%2Fwp%2Fv2%2Fmedia&parent=2566"}],"curies":[{"name":"wp","href":"https:\/\/api.w.org\/{rel}","templated":true}]}}